{"id":179,"date":"2022-04-19T10:45:56","date_gmt":"2022-04-19T08:45:56","guid":{"rendered":"https:\/\/hike.stoneman-glaciara.com\/stoneman-glaciara-hike-de-grandes-choses-tattendent\/"},"modified":"2024-08-15T10:22:17","modified_gmt":"2024-08-15T08:22:17","slug":"stoneman-glaciara-hike-de-grandes-choses-tattendent","status":"publish","type":"page","link":"https:\/\/hike.stoneman-glaciara.com\/fr\/","title":{"rendered":"Stoneman Glaciara Hike | De grandes choses t&rsquo;attendent!"},"content":{"rendered":"\n\n\t<p>\u00c9tourdissant<\/p>\n<h1>\n\t\tDe grandes choses t&rsquo;attendent en 2024 !\n\t<\/h1>\n\t<p>Pr\u00e9pare-toi pour le Stoneman Glaciara Hike &#8211; l&rsquo;aventure exclusive en Suisse pour les randonneurs et les trail runners.<\/p>\n\t<h3><strong>La saison 2024 du Stoneman Glaciar d\u00e9bute le 1er juillet !<\/strong><\/h3>\n\t<h1>Vis l&rsquo;exp\u00e9rience du Stoneman Glaciara Hike !<\/h1>\n\t<ul>\n<li><strong>65 km de sentiers de randonn\u00e9e et de course de trail<\/strong> t&#8217;emm\u00e8nent \u00e0 travers un environnement montagneux intact et des hauts sommets des Alpes suisses.<\/li>\n<li>Ressens les <strong>masses de glace du grand glacier d&rsquo;Aletsch<\/strong>, le plus puissant glacier d&rsquo;Europe centrale.<\/li>\n<\/ul>\n\t<ul>\n<li>Choisis entre la <strong>spectaculaire randonn\u00e9e sur les cr\u00eates<\/strong> et le <strong><\/strong><strong>ph\u00e9nom\u00e9nal itin\u00e9raire panoramique sur le glacier.<\/strong><\/li>\n<li>Traverse en altitude les <strong>ponts suspendus qui enjambent la vall\u00e9e<\/strong>.<\/li>\n<\/ul>\n<h3>\n\t\t65 km de pure fascination trail\n\t<\/h3>\n\t<p>Apr\u00e8s le succ\u00e8s du Stoneman Glaciara pour les v\u00e9t\u00e9tistes, voici maintenant le <strong>Stoneman Glaciara Hike<\/strong> une aventure exclusive pour <strong>randonneurs<\/strong> et <strong>trail runners<\/strong>.<\/p>\n<p>D\u00e9couvre le parcours de trail f\u00e9erique sur des sentiers de racines dans des for\u00eats mystiques qui m\u00e8nent tout en haut jusqu&rsquo;\u00e0 des vues fantastiques sur une mer de sommets de plus de 4000 m\u00e8tres.<\/p>\n\t\t\t<a href=\"https:\/\/hike.stoneman-glaciara.com\/fr\/planifier\/\" target=\"_self\" rel=\"noopener\">\n\t\t\t\t\t\t\tJe souhaite recevoir des informations sur la route.\n\t\t\t\t\t<\/a>\n<h3>\n\t\tTotalement individuel &#8211; tu as le choix.\n\t<\/h3>\n\t<p>Que ce soit en trail running ou au pas de randonn\u00e9e : planifie ton parcours selon tes envies. Fais l&rsquo;exp\u00e9rience du Stoneman Glaciara Hike en <b> une, deux ou trois \u00e9tapes quotidiennes \u00e9quilibr\u00e9es<\/b>.<\/p>\n<p>Procure-toi le <strong>pack de d\u00e9marrage officiel<\/strong> et suis l&rsquo;itin\u00e9raire parfaitement balis\u00e9 pour vivre une exp\u00e9rience naturelle \u00e9poustouflante.<\/p>\n\t\t\t<a href=\"https:\/\/hike.stoneman-glaciara.com\/fr\/pack-de-demarrage\/\" target=\"_self\" rel=\"noopener\">\n\t\t\t\t\t\t\tJe souhaite recevoir des informations sur le pack de d\u00e9marrage.\n\t\t\t\t\t<\/a>\n\t<h4>R\u00e9ponds \u00e0 l&rsquo;appel de l&rsquo;exp\u00e9rience de randonn\u00e9e 5 \u00e9toiles en Suisse.<\/h4>\n<p>D\u00e9couvre 65 kilom\u00e8tres <strong>de #puretrailfascination !<\/strong><\/p>\n<p>3.150 m\u00e8tres de d\u00e9nivel\u00e9 \u00e0 couper le souffle, 2 ponts suspendus enjambant la vall\u00e9e, 1 randonn\u00e9e spectaculaire sur les cr\u00eates et les milliards de tonnes de glace du plus puissant glacier d&rsquo;Europe centrale &#8211; voil\u00e0 ce que propose le Stoneman Glaciara Hike.<\/p>\n\n\t\t\t\t<img loading=\"lazy\" decoding=\"async\" src=\"https:\/\/hike.stoneman-glaciara.com\/wp-content\/uploads\/sites\/13\/2022\/06\/illustrierte-Streckenkarte-SMGh-6-6-22-1024x866.jpg\" alt=\"Probedruck 8 9\" height=\"866\" width=\"1024\" title=\"Probedruck 8 9\" \/>\n\t<!-- Begin Mailchimp Signup Form -->\n\n#mc_embed_signup{background:#fff; clear:left; font:14px Helvetica,Arial,sans-serif; }<br \/>\/* Add your own Mailchimp form style overrides in your site stylesheet or in this style block.<br \/>   We recommend moving this block and the preceding CSS link to the HEAD of your HTML file. *\/<br \/>\n\n<h2>Obtiens ici plus d&rsquo;informations sur le Stoneman Glaciara Hike!<\/h2>\n* champ requis\n<label for=\"mce-EMAIL\">Adresse courriel *\n<\/label>\n\n<label for=\"mce-FNAME\">Pr\u00e9nom <\/label>\n\n<label for=\"mce-LNAME\">nom <\/label>\n\n\n<!-- real people should not fill this in and expect good things - do not remove this or risk form bot signups-->\n\n\n\n<!--End mc_embed_signup-->\n<h3>\n\t\tThe Time Is Now\n\t<\/h3>\n\t<strong>La saison bat son plein.<\/strong><br \/>\nSentier panoramique ou randonn\u00e9e sur la cr\u00eate ?<br \/>\nLes deux options t&rsquo;attendent &#8211; un gagnant-gagnant \u00e9vident !\n\n","protected":false},"excerpt":{"rendered":"<p>\u00c9tourdissant De grandes choses t&rsquo;attendent en 2024 ! Pr\u00e9pare-toi pour le Stoneman Glaciara Hike &#8211; l&rsquo;aventure exclusive en Suisse pour les randonneurs et les trail runners. La saison 2024 du Stoneman Glaciar d\u00e9bute le 1er juillet ! Vis l&rsquo;exp\u00e9rience du Stoneman Glaciara Hike ! 65 km de sentiers de randonn\u00e9e et de course de trail&hellip;<\/p>\n","protected":false},"author":1,"featured_media":0,"parent":0,"menu_order":0,"comment_status":"closed","ping_status":"closed","template":"","meta":{"footnotes":""},"_links":{"self":[{"href":"https:\/\/hike.stoneman-glaciara.com\/fr\/wp-json\/wp\/v2\/pages\/179"}],"collection":[{"href":"https:\/\/hike.stoneman-glaciara.com\/fr\/wp-json\/wp\/v2\/pages"}],"about":[{"href":"https:\/\/hike.stoneman-glaciara.com\/fr\/wp-json\/wp\/v2\/types\/page"}],"author":[{"embeddable":true,"href":"https:\/\/hike.stoneman-glaciara.com\/fr\/wp-json\/wp\/v2\/users\/1"}],"replies":[{"embeddable":true,"href":"https:\/\/hike.stoneman-glaciara.com\/fr\/wp-json\/wp\/v2\/comments?post=179"}],"version-history":[{"count":12,"href":"https:\/\/hike.stoneman-glaciara.com\/fr\/wp-json\/wp\/v2\/pages\/179\/revisions"}],"predecessor-version":[{"id":679,"href":"https:\/\/hike.stoneman-glaciara.com\/fr\/wp-json\/wp\/v2\/pages\/179\/revisions\/679"}],"wp:attachment":[{"href":"https:\/\/hike.stoneman-glaciara.com\/fr\/wp-json\/wp\/v2\/media?parent=179"}],"curies":[{"name":"wp","href":"https:\/\/api.w.org\/{rel}","templated":true}]}}