{"id":378,"date":"2022-06-22T08:20:22","date_gmt":"2022-06-22T06:20:22","guid":{"rendered":"https:\/\/hike.stoneman-glaciara.com\/hebergement\/"},"modified":"2025-07-29T15:56:33","modified_gmt":"2025-07-29T13:56:33","slug":"hebergement","status":"publish","type":"page","link":"https:\/\/hike.stoneman-glaciara.com\/fr\/hebergement\/","title":{"rendered":"H\u00e9bergement"},"content":{"rendered":"\n<h1>\n\t\tEntre de bonnes mains.\n\t<\/h1>\n\t<p>Les partenaires h\u00e9bergement du Stoneman Glaciara sont tous les jours \u00e0 votre disposition.<\/p>\n\t<p>Les 19 partenaires h\u00e9bergement le long du Stoneman Glaciara sont parfaitement adapt\u00e9s aux randonneurs et trail runners.<\/p>\n<p>Que ce soit en un, deux ou trois jours &#8211; tu peux loger durant ton aventure du Stoneman Glaciara \u00e0 tout endroit de fa\u00e7on id\u00e9ale et ainsi te retirer le soir dans ton h\u00e9bergement.<\/p>\n\t<h4>Bon \u00e0 savoir<\/h4>\n<p>Tous les h\u00e9bergements partenaires &#8230; &#8230;<\/p>\n<ul>\n<li>&#8230; sont situ\u00e9s \u00e0 proximit\u00e9 imm\u00e9diate du parcours Stoneman Arduenna.<\/li>\n<li>&#8230; disposent d&rsquo;une station de lavage, d&rsquo;un garage pour les v\u00e9los et d&rsquo;un mini atelier de r\u00e9paration.<\/li>\n<\/ul>\n\t<h4>Signification des symboles<\/h4>\n\n    &nbsp;Service de pack de d\u00e9marrage&nbsp;&#8211; &nbsp;Petit-d\u00e9jeuner \u00e0 partir de &#8230;&nbsp;&#8211; &nbsp;Assiette Stoneman (restauration rapide sur r\u00e9servation)&nbsp;&#8211; &nbsp;Plats v\u00e9g\u00e9tariens&nbsp;&#8211; &nbsp;Plats v\u00e9ganes&nbsp;&#8211; &nbsp;Fermeture de la cuisine\n\t<small><a href=\"https:\/\/web5.deskline.net\/STONEMAN\/f4db8177-ef9e-43e8-8986-476c234d848a\/fr?p=1#\/unterkuenfte\">Tous les partenaires h\u00e9bergement \u00e0 r\u00e9server de suite dans l&rsquo;aper\u00e7u \u00bb<\/a><\/small>\n<h3>Bellwald<\/h3>\n            <img decoding=\"async\" src=\"https:\/\/www.stoneman-glaciara.com\/wp-content\/uploads\/sites\/16\/2017\/07\/Hotel-Bellwald-Bellwald-1024x759.jpg\" alt=\"Hotel Bellwald, city - Logis-Partner Stoneman Glaciara Hike\" \/>\n<h5>Hotel Bellwald<\/h5>\n    <p>Bellwalderstrasse 416<br \/>3997 Bellwald<br \/> +41 27 9701283<\/p>\n    \n    <p>&nbsp;7:00-23:00 &nbsp;&nbsp;7:00 &nbsp;&nbsp;22:00 &nbsp;&nbsp;&nbsp;&nbsp;vegane Gerichte auf Anfrage und Fr\u00fchst\u00fcck early to go &nbsp;<\/p>            <a href=\"mailto:info@hotel-bellwald.ch\" title=\"Glaciara Hike-Logis-Partner Hotel Bellwald Mail\">E-Mail<\/a>\n        <a href=\"tel:+41279701283\" title=\"Glaciara Hike-Logis-Partner Hotel Bellwald anrufen\">Anrufen<\/a>\n    <a href=\"http:\/\/www.hotel-bellwald.ch\/\" target=\"_blank\" title=\"Website Glaciara Hike-Logis-Partner Hotel Bellwald\" rel=\"noopener\">Website \u00bb<\/a>\n            <img decoding=\"async\" src=\"https:\/\/www.stoneman-glaciara.com\/wp-content\/uploads\/sites\/16\/2017\/07\/onya-front-e1599661534518-1024x768.jpg\" alt=\"Hotel The Onya Resort&amp;Spa und Hotel zur Alten Gasse, city - Logis-Partner Stoneman Glaciara Hike\" \/>\n<h5>Hotel The Onya Resort&amp;Spa und Hotel zur Alten Gasse<\/h5>\n    <p>Alte Gasse 1<br \/>3997 Bellwald<br \/> +41 27 9712141<\/p>\n    \n    <p>&nbsp;7:30 &nbsp;&nbsp;22:00 &nbsp;&nbsp;&nbsp;&nbsp;vegane Gerichte auf Anfrage und Fr\u00fchst\u00fcck early to go &nbsp;<\/p>            <a href=\"mailto:info@rbghotels.ch\" title=\"Glaciara Hike-Logis-Partner Hotel The Onya Resort&amp;Spa und Hotel zur Alten Gasse Mail\">E-Mail<\/a>\n        <a href=\"tel:+41279712141\" title=\"Glaciara Hike-Logis-Partner Hotel The Onya Resort&amp;Spa und Hotel zur Alten Gasse anrufen\">Anrufen<\/a>\n    <a href=\"http:\/\/www.onya.ch\" target=\"_blank\" title=\"Website Glaciara Hike-Logis-Partner Hotel The Onya Resort&amp;Spa und Hotel zur Alten Gasse\" rel=\"noopener\">Website \u00bb<\/a>\n            <a href=\"https:\/\/alte-gasse.ch\/preise-buchen\/\" target=\"_blank\" title=\"Buchen Glaciara Hike-Logis-Partner Hotel The Onya Resort&amp;Spa und Hotel zur Alten Gasse\" rel=\"noopener\">buchen \u00bb<\/a>\n            <img decoding=\"async\" src=\"https:\/\/www.stoneman-glaciara.com\/wp-content\/uploads\/sites\/16\/2020\/04\/L\u00e4rchenwald-Lodge-e1592906184230-1024x769.jpg\" alt=\"L\u00e4rchenwald Lodge, city - Logis-Partner Stoneman Glaciara Hike\" \/>\n<h5>L\u00e4rchenwald Lodge<\/h5>\n    <p>Ritistrasse 111<br \/>3997 Bellwald<br \/> +41 79 1241449<\/p>\n    \n    <p>&nbsp;nach Absprache &nbsp;&nbsp;nach Absprache, Br\u00f6tchenservice &nbsp;<\/p>            <a href=\"mailto:info@laerchenwald-lodge.ch\" title=\"Glaciara Hike-Logis-Partner L\u00e4rchenwald Lodge Mail\">E-Mail<\/a>\n        <a href=\"tel:+41791241449\" title=\"Glaciara Hike-Logis-Partner L\u00e4rchenwald Lodge anrufen\">Anrufen<\/a>\n    <a href=\"https:\/\/www.laerchenwald-lodge.ch\" target=\"_blank\" title=\"Website Glaciara Hike-Logis-Partner L\u00e4rchenwald Lodge\" rel=\"noopener\">Website \u00bb<\/a>\n            <a href=\"https:\/\/www.laerchenwald-lodge.ch\/#buchen\" target=\"_blank\" title=\"Buchen Glaciara Hike-Logis-Partner L\u00e4rchenwald Lodge\" rel=\"noopener\">buchen \u00bb<\/a>\n<h3>Ernen<\/h3>\n            <img decoding=\"async\" src=\"https:\/\/www.stoneman-glaciara.com\/wp-content\/uploads\/sites\/16\/2017\/07\/BerglandHof-Hotel-BnB-e1560339229384-1024x768.jpg\" alt=\"Berglandhof Hotel BnB und Restaurant ErnerGarten, city - Logis-Partner Stoneman Glaciara Hike\" \/>\n<h5>Berglandhof Hotel BnB und Restaurant ErnerGarten<\/h5>\n    <p>Bieutistrasse 22<br \/>3995 Ernen<br \/> +41 27 5271000<\/p>\n    \n    <p>&nbsp;0:00-24:00 &nbsp;&nbsp;nach Wunsch &nbsp;&nbsp;22:00 &nbsp;&nbsp;&nbsp;<\/p>            <a href=\"mailto:ferien@berglandhof.ch\" title=\"Glaciara Hike-Logis-Partner Berglandhof Hotel BnB und Restaurant ErnerGarten Mail\">E-Mail<\/a>\n        <a href=\"tel:+41275271000\" title=\"Glaciara Hike-Logis-Partner Berglandhof Hotel BnB und Restaurant ErnerGarten anrufen\">Anrufen<\/a>\n    <a href=\"https:\/\/www.berglandhof.ch\" target=\"_blank\" title=\"Website Glaciara Hike-Logis-Partner Berglandhof Hotel BnB und Restaurant ErnerGarten\" rel=\"noopener\">Website \u00bb<\/a>\n<h3>Fiesch<\/h3>\n            <img decoding=\"async\" src=\"https:\/\/www.stoneman-glaciara.com\/wp-content\/uploads\/sites\/16\/2019\/05\/du-glaciara-e1749733682679-1024x768.jpg\" alt=\"DU GLACIER Boutique &amp; Traditions Hotel, city - Logis-Partner Stoneman Glaciara Hike\" \/>\n<h5>DU GLACIER Boutique &amp; Traditions Hotel<\/h5>\n    <p>Furkastrasse 38<br \/>3984 Fiesch<br \/> +41 79 848 61 16 <\/p>\n    \n    <p>&nbsp;07:00 &#8211; 23:00   &nbsp;&nbsp;&nbsp;<\/p>            <a href=\"mailto:info@aletsch-homes.ch\" title=\"Glaciara Hike-Logis-Partner DU GLACIER Boutique &amp; Traditions Hotel Mail\">E-Mail<\/a>\n        <a href=\"tel:+41798486116\" title=\"Glaciara Hike-Logis-Partner DU GLACIER Boutique &amp; Traditions Hotel anrufen\">Anrufen<\/a>\n    <a href=\"https:\/\/www.aletsch-duglacier.ch\/\" target=\"_blank\" title=\"Website Glaciara Hike-Logis-Partner DU GLACIER Boutique &amp; Traditions Hotel\" rel=\"noopener\">Website \u00bb<\/a>\n            <a href=\"https:\/\/www.aletsch-duglacier.ch\/\" target=\"_blank\" title=\"Buchen Glaciara Hike-Logis-Partner DU GLACIER Boutique &amp; Traditions Hotel\" rel=\"noopener\">buchen \u00bb<\/a>\n            <img decoding=\"async\" src=\"https:\/\/www.stoneman-glaciara.com\/wp-content\/uploads\/sites\/16\/2021\/05\/Front-Nacht-e1622101468706-1024x769.jpg\" alt=\"Hotel Christania, city - Logis-Partner Stoneman Glaciara Hike\" \/>\n<h5>Hotel Christania<\/h5>\n    <p>Hejistrasse 13<br \/>3984 Fiesch<br \/> +41 27 527 04 40<\/p>\n    \n    <p>&nbsp;8:00-23:00 &nbsp;&nbsp;7:30 &nbsp;&nbsp;24:00 (Snacks) &nbsp;&nbsp;&nbsp;<\/p>            <a href=\"mailto:info@hotel-christania.ch\" title=\"Glaciara Hike-Logis-Partner Hotel Christania Mail\">E-Mail<\/a>\n        <a href=\"tel:+41275270440\" title=\"Glaciara Hike-Logis-Partner Hotel Christania anrufen\">Anrufen<\/a>\n    <a href=\"https:\/\/www.hotel-christania.ch\/de\/\" target=\"_blank\" title=\"Website Glaciara Hike-Logis-Partner Hotel Christania\" rel=\"noopener\">Website \u00bb<\/a>\n            <a href=\"https:\/\/www.hotel-christania.ch\/de\/zimmer\" target=\"_blank\" title=\"Buchen Glaciara Hike-Logis-Partner Hotel Christania\" rel=\"noopener\">buchen \u00bb<\/a>\n            <img decoding=\"async\" src=\"https:\/\/www.stoneman-glaciara.com\/wp-content\/uploads\/sites\/16\/2019\/05\/Hotel-Restaurant-des-alpes-Fiesch-Aletsch-Arena-Aussenansicht-e1560339534411-1024x769.jpg\" alt=\"Hotel des Alpes, city - Logis-Partner Stoneman Glaciara Hike\" \/>\n<h5>Hotel des Alpes<\/h5>\n    <p>Furkastrasse 33<br \/>3984 Fiesch<br \/> +41 27 9711506<\/p>\n    \n    <p>&nbsp;7:30-22:00 &nbsp;&nbsp;7:30 &nbsp;&nbsp;21:45 &nbsp;&nbsp;&nbsp;&nbsp;<\/p>            <a href=\"mailto:info@des-alpes.ch\" title=\"Glaciara Hike-Logis-Partner Hotel des Alpes Mail\">E-Mail<\/a>\n        <a href=\"tel:+41279711506\" title=\"Glaciara Hike-Logis-Partner Hotel des Alpes anrufen\">Anrufen<\/a>\n    <a href=\"http:\/\/www.des-alpes.ch\" target=\"_blank\" title=\"Website Glaciara Hike-Logis-Partner Hotel des Alpes\" rel=\"noopener\">Website \u00bb<\/a>\n<h3>Fiesch<\/h3>\n            <img decoding=\"async\" src=\"https:\/\/www.stoneman-glaciara.com\/wp-content\/uploads\/sites\/16\/2017\/07\/F19_1472-HDR-e1596464247593-1024x770.jpg\" alt=\"Sport Resort Fiesch, city - Logis-Partner Stoneman Glaciara Hike\" \/>\n<h5>Sport Resort Fiesch<\/h5>\n    <p>Feriendorf 1<br \/>3984 Fiesch<br \/> +41 27 9701515<\/p>\n    \n    <p>&nbsp;8:00-20:00 &nbsp;&nbsp;7:30 &nbsp;&nbsp;20:00 &nbsp;&nbsp;&nbsp;&nbsp;vegane Gerichte auf Anfrage &nbsp;<\/p>            <a href=\"mailto:info@sport-resort.ch\" title=\"Glaciara Hike-Logis-Partner Sport Resort Fiesch Mail\">E-Mail<\/a>\n        <a href=\"tel:+41279701515\" title=\"Glaciara Hike-Logis-Partner Sport Resort Fiesch anrufen\">Anrufen<\/a>\n    <a href=\"https:\/\/www.sport-resort.ch\" target=\"_blank\" title=\"Website Glaciara Hike-Logis-Partner Sport Resort Fiesch\" rel=\"noopener\">Website \u00bb<\/a>\n<h3>Fiescheralp<\/h3>\n            <img decoding=\"async\" src=\"https:\/\/www.stoneman-glaciara.com\/wp-content\/uploads\/sites\/16\/2019\/05\/alpina_web_fotos_hotel_sommer_2-e1560339472381-1024x767.jpg\" alt=\"Hotel Alpina, city - Logis-Partner Stoneman Glaciara Hike\" \/>\n<h5>Hotel Alpina<\/h5>\n    <p>Fiescheralp 2<br \/>3984 Fiescheralp<br \/> +41 27 9712424<\/p>\n    \n                <a href=\"mailto:info@alpinafiescheralp.ch\" title=\"Glaciara Hike-Logis-Partner Hotel Alpina Mail\">E-Mail<\/a>\n        <a href=\"tel:+41279712424\" title=\"Glaciara Hike-Logis-Partner Hotel Alpina anrufen\">Anrufen<\/a>\n    <a href=\"http:\/\/www.alpinafiescheralp.ch\" target=\"_blank\" title=\"Website Glaciara Hike-Logis-Partner Hotel Alpina\" rel=\"noopener\">Website \u00bb<\/a>\n<h3>Fieschertal<\/h3>\n            <img decoding=\"async\" src=\"https:\/\/www.stoneman-glaciara.com\/wp-content\/uploads\/sites\/16\/2017\/07\/Stoneman-Glaciara-Bild-Hotel-Alpenblick-Aussen-e1560340121557-1024x770.jpg\" alt=\"Alpenblick Wellness- Aktivhotel, city - Logis-Partner Stoneman Glaciara Hike\" \/>\n<h5>Alpenblick Wellness- Aktivhotel<\/h5>\n    <p>Zer Flie 2<br \/>3984 Fieschertal<br \/> +41 27 9701660<\/p>\n    \n    <p>&nbsp;6:00-23:00 &nbsp;&nbsp;7:00 &nbsp;&nbsp;21:00 &nbsp;&nbsp;&nbsp;&nbsp;<\/p>            <a href=\"mailto:info@hotelalpenblick.ch\" title=\"Glaciara Hike-Logis-Partner Alpenblick Wellness- Aktivhotel Mail\">E-Mail<\/a>\n        <a href=\"tel:+41279701660\" title=\"Glaciara Hike-Logis-Partner Alpenblick Wellness- Aktivhotel anrufen\">Anrufen<\/a>\n    <a href=\"http:\/\/www.hotelalpenblick.ch\/\" target=\"_blank\" title=\"Website Glaciara Hike-Logis-Partner Alpenblick Wellness- Aktivhotel\" rel=\"noopener\">Website \u00bb<\/a>\n<h3>M\u00f6rel<\/h3>\n            <img decoding=\"async\" src=\"https:\/\/www.stoneman-glaciara.com\/wp-content\/uploads\/sites\/16\/2017\/07\/BadeHotel_Salina_Maris-e1622642277807-1024x770.jpg\" alt=\"Badehotel Salina Maris &#8211; Wellness &amp; Vintage, city - Logis-Partner Stoneman Glaciara Hike\" \/>\n<h5>Badehotel Salina Maris &#8211; Wellness &amp; Vintage<\/h5>\n    <p>Breiten 1<br \/>3983 M\u00f6rel<br \/> +41 27 9284242<\/p>\n    \n    <p>&nbsp;8:00-20:00 &nbsp;&nbsp;7:30 &nbsp;&nbsp;&nbsp;&nbsp;fr\u00fcheres Fr\u00fchst\u00fcck auf Anfrage &nbsp;<\/p>            <a href=\"mailto:info@breiten.ch\" title=\"Glaciara Hike-Logis-Partner Badehotel Salina Maris &#8211; Wellness &amp; Vintage Mail\">E-Mail<\/a>\n        <a href=\"tel:+41279284242\" title=\"Glaciara Hike-Logis-Partner Badehotel Salina Maris &#8211; Wellness &amp; Vintage anrufen\">Anrufen<\/a>\n    <a href=\"https:\/\/www.salina.maris.ch\/de\/angebote\/biken\" target=\"_blank\" title=\"Website Glaciara Hike-Logis-Partner Badehotel Salina Maris &#8211; Wellness &amp; Vintage\" rel=\"noopener\">Website \u00bb<\/a>\n            <img decoding=\"async\" src=\"https:\/\/www.stoneman-glaciara.com\/wp-content\/uploads\/sites\/16\/2021\/06\/Tunetsch-e1622642142890.png\" alt=\"Camping und Restaurant Tunetsch, city - Logis-Partner Stoneman Glaciara Hike\" \/>\n<h5>Camping und Restaurant Tunetsch<\/h5>\n    <p>Pf\u00e4wi 1<br \/>3983 M\u00f6rel<br \/> +41 27 927 25 25<\/p>\n    \n    <p>&nbsp;6:00 &nbsp;&nbsp;22:00 &nbsp;&nbsp;&nbsp;<\/p>            <a href=\"mailto:info@restauranttunetsch.ch\" title=\"Glaciara Hike-Logis-Partner Camping und Restaurant Tunetsch Mail\">E-Mail<\/a>\n        <a href=\"tel:+41279272525\" title=\"Glaciara Hike-Logis-Partner Camping und Restaurant Tunetsch anrufen\">Anrufen<\/a>\n    <a href=\"https:\/\/www.restauranttunetsch.ch\/\" target=\"_blank\" title=\"Website Glaciara Hike-Logis-Partner Camping und Restaurant Tunetsch\" rel=\"noopener\">Website \u00bb<\/a>\n            <a href=\"https:\/\/www.restauranttunetsch.ch\/meta\/online-buchen\" target=\"_blank\" title=\"Buchen Glaciara Hike-Logis-Partner Camping und Restaurant Tunetsch\" rel=\"noopener\">buchen \u00bb<\/a>\n<h3>Reckingen<\/h3>\n            <img decoding=\"async\" src=\"https:\/\/www.stoneman-glaciara.com\/wp-content\/uploads\/sites\/16\/2025\/02\/Campingplatz-e1742203163580.jpg\" alt=\"Camping Riverside, city - Logis-Partner Stoneman Glaciara Hike\" \/>\n<h5>Camping Riverside<\/h5>\n    <p>Rottenweg 160<br \/>3998  Reckingen<br \/> +41 27 973 30 30<\/p>\n    \n    <p>&nbsp;08:30-12:00 Uhr und 15:00-19:00 Uhr &nbsp;&nbsp;10:00 Uhr &nbsp;&nbsp;21:00 Uhr &nbsp;<\/p>            <a href=\"mailto:camping@campingriverside.ch\" title=\"Glaciara Hike-Logis-Partner Camping Riverside Mail\">E-Mail<\/a>\n        <a href=\"tel:+41279733030\" title=\"Glaciara Hike-Logis-Partner Camping Riverside anrufen\">Anrufen<\/a>\n    <a href=\"https:\/\/www.campingriverside.ch\/\" target=\"_blank\" title=\"Website Glaciara Hike-Logis-Partner Camping Riverside\" rel=\"noopener\">Website \u00bb<\/a>\n            <a href=\"https:\/\/booking.camping.care\/campingriverside\" target=\"_blank\" title=\"Buchen Glaciara Hike-Logis-Partner Camping Riverside\" rel=\"noopener\">buchen \u00bb<\/a>\n            <img decoding=\"async\" src=\"https:\/\/www.stoneman-glaciara.com\/wp-content\/uploads\/sites\/16\/2019\/05\/Hotel-Joopi-AussenSommer-e1560336843218-1024x769.jpg\" alt=\"Hotel Joopi, city - Logis-Partner Stoneman Glaciara Hike\" \/>\n<h5>Hotel Joopi<\/h5>\n    <p>Bahnhofstrasse 5<br \/>3998 Reckingen<br \/> +41 27 9741550<\/p>\n    \n    <p>&nbsp;08:00 &#8211; 22:00 &nbsp;&nbsp;07:00 &nbsp;&nbsp;ca. 21:00 &nbsp;&nbsp;&nbsp;&nbsp;vegane Gerichte auf Anfrage &nbsp;<\/p>            <a href=\"mailto:info@joopi.ch\" title=\"Glaciara Hike-Logis-Partner Hotel Joopi Mail\">E-Mail<\/a>\n        <a href=\"tel:+41279741550\" title=\"Glaciara Hike-Logis-Partner Hotel Joopi anrufen\">Anrufen<\/a>\n    <a href=\"https:\/\/www.joopi.ch\/\" target=\"_blank\" title=\"Website Glaciara Hike-Logis-Partner Hotel Joopi\" rel=\"noopener\">Website \u00bb<\/a>\n\n","protected":false},"excerpt":{"rendered":"<p>Entre de bonnes mains. Les partenaires h\u00e9bergement du Stoneman Glaciara sont tous les jours \u00e0 votre disposition. Les partenaires h\u00e9bergement le long du Stoneman Glaciara sont parfaitement adapt\u00e9s aux randonneurs et trail runners. Que ce soit en un, deux ou trois jours &#8211; tu peux loger durant ton aventure du Stoneman Glaciara \u00e0 tout endroit&hellip;<\/p>\n","protected":false},"author":1,"featured_media":0,"parent":0,"menu_order":0,"comment_status":"closed","ping_status":"closed","template":"","meta":{"footnotes":""},"_links":{"self":[{"href":"https:\/\/hike.stoneman-glaciara.com\/fr\/wp-json\/wp\/v2\/pages\/378"}],"collection":[{"href":"https:\/\/hike.stoneman-glaciara.com\/fr\/wp-json\/wp\/v2\/pages"}],"about":[{"href":"https:\/\/hike.stoneman-glaciara.com\/fr\/wp-json\/wp\/v2\/types\/page"}],"author":[{"embeddable":true,"href":"https:\/\/hike.stoneman-glaciara.com\/fr\/wp-json\/wp\/v2\/users\/1"}],"replies":[{"embeddable":true,"href":"https:\/\/hike.stoneman-glaciara.com\/fr\/wp-json\/wp\/v2\/comments?post=378"}],"version-history":[{"count":5,"href":"https:\/\/hike.stoneman-glaciara.com\/fr\/wp-json\/wp\/v2\/pages\/378\/revisions"}],"predecessor-version":[{"id":774,"href":"https:\/\/hike.stoneman-glaciara.com\/fr\/wp-json\/wp\/v2\/pages\/378\/revisions\/774"}],"wp:attachment":[{"href":"https:\/\/hike.stoneman-glaciara.com\/fr\/wp-json\/wp\/v2\/media?parent=378"}],"curies":[{"name":"wp","href":"https:\/\/api.w.org\/{rel}","templated":true}]}}