{"id":382,"date":"2022-06-22T10:20:22","date_gmt":"2022-06-22T08:20:22","guid":{"rendered":"https:\/\/hike.stoneman-glaciara.com\/pack-de-demarrage\/"},"modified":"2025-11-06T13:46:43","modified_gmt":"2025-11-06T12:46:43","slug":"pack-de-demarrage","status":"publish","type":"page","link":"https:\/\/hike.stoneman-glaciara.com\/fr\/pack-de-demarrage\/","title":{"rendered":"Pack de d\u00e9marrage"},"content":{"rendered":"\n<h1>\n\t\tRemarquable.\n\t<\/h1>\n\t<p>Ton pack d\u00e9marrage est l&rsquo;acc\u00e8s \u00e0 Ton aventure inoubliable du Stoneman Glaciara.<\/p>\n<ul>\n            <li><a href=\"https:\/\/hike.stoneman-glaciara.com\/fr\/randonnee-et-trail-running\/\" title=\"Le parcours Stoneman Glaciara (Goms\/Wallis - Schweiz) avec tous ses temps forts\">Temps forts<\/a><\/li>\n            <li><a href=\"https:\/\/hike.stoneman-glaciara.com\/fr\/pack-de-demarrage\/\" title=\"Packs de d\u00e9marrage pour ton parcours Stoneman Glaciara (Goms\/Wallis - Schweiz)\">Packs de d\u00e9marrage<\/a><\/li>\n            <li><a href=\"https:\/\/hike.stoneman-glaciara.com\/fr\/planifier\/\" title=\"Planifie ton parcours Stoneman Glaciara (Goms\/Wallis - Schweiz) en connaissance de cause\">Planifier<\/a><\/li>\n            <li><a href=\"https:\/\/hike.stoneman-glaciara.com\/fr\/finisher\/\" title=\"\">Finisseurs<\/a><\/li>\n    <\/ul>\n\tLe Stoneman Glaciara est une exp\u00e9rience globale unique de nature \u00e9crasante, de meilleurs itin\u00e9raires de sentiers et d&rsquo;un excellent service. Sans aucun stress li\u00e9 aux d\u00e9lais.<br \/>\nIl exist deux packs au d\u00e9marrage pour votre aventure de randonn\u00e9e sur la Stoneman Glaciara: Stoneman Card et Stoneman Classic.<br \/>\nVeuillez s.v.p choisir un ici:\n\t<p>Pour les r\u00e9p\u00e9titeurs et les groupes<\/p>\n<h2>Starterpaket Card<\/h2>\n<p>Les choses les plus importantes pour ton aventure.<\/p>\n<ul>\n<li>Carte de d\u00e9part et mousqueton<\/li>\n<li>Bracelet de Stoneman Glaciara<\/li>\n<li>Toutes les informations actuelles pour les d\u00e9butants par courier<\/li>\n<li>La trace GPS actuelle par courier<\/li>\n<li>Inscription sur la liste des finisseurs<\/li>\n<li>Possibilit\u00e9 de passer au statut de troph\u00e9e et de pierre \u00e0 tout moment<\/li>\n<li>La valeur des biens: 35 CHF<\/li>\n<\/ul>\n<button>D\u00e9j\u00e0 pour\u00a024 CHF<\/button><a href=\"https:\/\/hike.stoneman-glaciara.com\/fr\/pack-de-demarrage\/reserver-le-pack-demarrage\/\">R\u00e9server\u00a0maintenant\u00bb<\/a>\n\t<p>Plus de 80% des randonneurs et coureurs de trail utilisent cette option<\/p>\n<h2>Starterpaket Classic<\/h2>\n<p>Tu es pr\u00e9par\u00e9 parfaitement pour ton exp\u00e9rience de Stoneman Glaciara.<\/p>\n<ul>\n<li><strong>Tous les avantages<\/strong> de la Starter Package Card <strong>plus un suppl\u00e9ment:<\/strong><strong><br \/>\n<\/strong><\/li>\n<li>Stoneman Glaciara <strong>sac de d\u00e9marrage<\/strong><\/li>\n<li><strong>StoneMag.26 Glaciara<\/strong><\/li>\n<li>Stoneman Glaciara <strong>Carte g\u00e9n\u00e9rale\u00a0<\/strong>(77 x 70 cm)<\/li>\n<li>Stoneman <strong>tissu multifonctionnel<\/strong> &#8211; super chic et polyvalent<\/li>\n<li>Nutriathletic Bar<\/li>\n<li>cr\u00eame solaire de Daylong<\/li>\n<li>Possibilit\u00e9 de passer au statut de troph\u00e9e et de pierre \u00e0 tout moment<\/li>\n<li>La valeur des biens: 92,70 CHF<\/li>\n<\/ul>\n<button>Uniquement 39 CHF<\/button><a href=\"https:\/\/hike.stoneman-glaciara.com\/fr\/pack-de-demarrage\/reserver-le-pack-demarrage\/\"> \u00bbR\u00e9server maintenant\u00a0\u00bb<\/a>\n\tTu veux offrir un pack de d\u00e9marrage? <a href=\"https:\/\/www.stoneman-glaciara.com\/shop#c-Hike\">Tu trouveras dans la boutique des ensembles et des bons \u00e0 imprimer toi-m\u00eame \u00bb<\/a> \n\t<h3>Attrape ta pierre!<\/h3>\n<p>La plupart des randonneurs et coureurs de trail sont tellement heureux de leur trajet qu&rsquo;ils ram\u00e8nent le troph\u00e9e Stoneman avec la pierre Stoneman r\u00e9gionale en souvenir. Elle est cr\u00e9\u00e9e par le fondateur de Stoneman <strong>Roland Stauder<\/strong>\u00a0lui-m\u00eame.<\/p>\n\t\t\t\t<img loading=\"lazy\" decoding=\"async\" src=\"https:\/\/www.stoneman-glaciara.com\/wp-content\/uploads\/sites\/16\/2017\/07\/Troph\u00e4e_Starterpakete-SMG.png\" alt=\"Mountainbike Tour Schweiz Mountain Bike Pauschale Gletschertour\" height=\"1209\" width=\"1319\" title=\"Troph\u00e4e_Starterpakete SMG\" \/>\n\t<ul>\n<li><strong>Le troph\u00e9e<\/strong>\u00a0&#8211; compos\u00e9 du socle exclusif en bois, de la figurine en acier du tailleur de pierre et d&rsquo;une pierre sculpt\u00e9e dans la roche du Valais &#8211;\u00a0<strong> 45 CHF<\/strong>.<\/li>\n<li>Si tu poss\u00e8des d\u00e9j\u00e0 un troph\u00e9e et que tu veux y ajouter la pierre du Valais, c&rsquo;est\u00a0<strong>seulement 20 CHF<\/strong>.<\/li>\n<\/ul>\n<p>Parce que la question revient r\u00e9guli\u00e8rement: Si tu termines le tour en une journ\u00e9e, la moiti\u00e9 de la pierre est peinte \u00e0 la main en couleur or. En deux jours, c&rsquo;est couleur argent, et en trois, c&rsquo;est couleur bronze.<\/p>\n\t<p><a title=\"Stoneman Glaciara Starterpaket vorbestellen\" href=\"https:\/\/hike.stoneman-glaciara.com\/fr\/pack-de-demarrage\/reserver-le-pack-demarrage\/\">R\u00e9serve le pack d\u00e9marrage \u00bb<\/a><\/p>\n<p>Tu recevras ton pack d\u00e9marrage aupr\u00e8s des diff\u00e9rents bureaux de distribution officiels et en tant qu&rsquo;h\u00f4te dans les\u00a0<a href=\"https:\/\/www.hike.stoneman-glaciara.com\/fr\/hebergement\/\">h\u00e9bergements partenaires du Stoneman Glaciara.<\/a><\/p>\n\t<h4>Pourquoi un pack de d\u00e9marrage?<\/h4>\nNotre souhait est que tu vives la meilleure exp\u00e9rience possible du Stoneman Glaciara! Gr\u00e2ce \u00e0 l&rsquo;achat de ton pack de d\u00e9marrage, tu contribues aux frais d&rsquo;entretien du parcours et du balisage.<strong><br \/>\nTu b\u00e9n\u00e9ficies de notre soutien \u00e0 tout moment et si tu as des questions, tu obtiens de l&rsquo;aide aupr\u00e8s de ton lieu de retrait et de toute l&rsquo;\u00e9quipe du Stoneman.\u00a0<\/strong><a href=\"https:\/\/hike.stoneman-glaciara.com\/fr\/pack-de-demarrage\/\">Alors, commande ton pack de d\u00e9marrage ici \u00bb<\/a>\n<h3>\n\t\tLieux officiels de retrait des packs\n\t<\/h3>\n            <img decoding=\"async\" src=\"https:\/\/www.stoneman-glaciara.com\/wp-content\/uploads\/sites\/16\/2017\/08\/Bike-Store-Schweizer-e1560340010267-1024x768.jpg\" alt=\"Bike Store Schweizer, city - Logis-Partner Stoneman Glaciara Hike\" \/>\n<h5>Bike Store Schweizer<\/h5>\n    <p>Furkastrasse 15<br \/>3984 Fiesch<br \/> +41 79 628 92 43<\/p>\n    \n    <p>&nbsp;Mo-Fr: 17:00-18:30 Sa: 15:00-16:3 &nbsp;<\/p>            <a href=\"mailto:info@bikestore-schweizer.ch\" title=\"Glaciara Hike-Logis-Partner Bike Store Schweizer Mail\">E-Mail<\/a>\n        <a href=\"tel:+41796289243\" title=\"Glaciara Hike-Logis-Partner Bike Store Schweizer anrufen\">Anrufen<\/a>\n    <a href=\"http:\/\/www.bikestore-schweizer.ch\" target=\"_blank\" title=\"Website Glaciara Hike-Logis-Partner Bike Store Schweizer\" rel=\"noopener\">Website \u00bb<\/a>\n            <img decoding=\"async\" src=\"https:\/\/www.stoneman-glaciara.com\/wp-content\/uploads\/sites\/16\/2025\/02\/Campingplatz-e1742203163580.jpg\" alt=\"Camping Riverside, city - Logis-Partner Stoneman Glaciara Hike\" \/>\n<h5>Camping Riverside<\/h5>\n    <p>Rottenweg 160<br \/>3998  Reckingen<br \/> +41 27 973 30 30<\/p>\n    \n    <p>&nbsp;08:30-12:00 Uhr und 15:00-19:00 Uhr &nbsp;&nbsp;10:00 Uhr &nbsp;&nbsp;21:00 Uhr &nbsp;<\/p>            <a href=\"mailto:camping@campingriverside.ch\" title=\"Glaciara Hike-Logis-Partner Camping Riverside Mail\">E-Mail<\/a>\n        <a href=\"tel:+41279733030\" title=\"Glaciara Hike-Logis-Partner Camping Riverside anrufen\">Anrufen<\/a>\n    <a href=\"https:\/\/www.campingriverside.ch\/\" target=\"_blank\" title=\"Website Glaciara Hike-Logis-Partner Camping Riverside\" rel=\"noopener\">Website \u00bb<\/a>\n            <a href=\"https:\/\/booking.camping.care\/campingriverside\" target=\"_blank\" title=\"Buchen Glaciara Hike-Logis-Partner Camping Riverside\" rel=\"noopener\">buchen \u00bb<\/a>\n            <img decoding=\"async\" src=\"https:\/\/www.stoneman-glaciara.com\/wp-content\/uploads\/sites\/16\/2021\/06\/Tunetsch-e1622642142890.png\" alt=\"Camping und Restaurant Tunetsch, city - Logis-Partner Stoneman Glaciara Hike\" \/>\n<h5>Camping und Restaurant Tunetsch<\/h5>\n    <p>Pf\u00e4wi 1<br \/>3983 M\u00f6rel<br \/> +41 27 927 25 25<\/p>\n    \n    <p>&nbsp;6:00 &nbsp;&nbsp;22:00 &nbsp;&nbsp;&nbsp;<\/p>            <a href=\"mailto:info@restauranttunetsch.ch\" title=\"Glaciara Hike-Logis-Partner Camping und Restaurant Tunetsch Mail\">E-Mail<\/a>\n        <a href=\"tel:+41279272525\" title=\"Glaciara Hike-Logis-Partner Camping und Restaurant Tunetsch anrufen\">Anrufen<\/a>\n    <a href=\"https:\/\/www.restauranttunetsch.ch\/\" target=\"_blank\" title=\"Website Glaciara Hike-Logis-Partner Camping und Restaurant Tunetsch\" rel=\"noopener\">Website \u00bb<\/a>\n            <a href=\"https:\/\/www.restauranttunetsch.ch\/meta\/online-buchen\" target=\"_blank\" title=\"Buchen Glaciara Hike-Logis-Partner Camping und Restaurant Tunetsch\" rel=\"noopener\">buchen \u00bb<\/a>\n            <img decoding=\"async\" src=\"https:\/\/www.stoneman-glaciara.com\/wp-content\/uploads\/sites\/16\/2017\/07\/Freizeitanlagen-e1560339684879.jpg\" alt=\"Outdoor Park Bellwald &amp; Gade Bar, city - Logis-Partner Stoneman Glaciara Hike\" \/>\n<h5>Outdoor Park Bellwald &amp; Gade Bar<\/h5>\n    <p> Ritistrasse 156<br \/>3997 Bellwald<br \/> +41 79 6287418<\/p>\n    \n    <p>&nbsp;09:30-21:00 &nbsp;<\/p>            <a href=\"mailto:sport@bellwald.ch\" title=\"Glaciara Hike-Logis-Partner Outdoor Park Bellwald &amp; Gade Bar Mail\">E-Mail<\/a>\n        <a href=\"tel:+41796287418\" title=\"Glaciara Hike-Logis-Partner Outdoor Park Bellwald &amp; Gade Bar anrufen\">Anrufen<\/a>\n    <a href=\"http:\/\/www.bellwald.ch\/sport\" target=\"_blank\" title=\"Website Glaciara Hike-Logis-Partner Outdoor Park Bellwald &amp; Gade Bar\" rel=\"noopener\">Website \u00bb<\/a>\n<h3>\n\t\tH\u00e9bergements partenaires du Stoneman Glaciara\n\t<\/h3>\n<h3>Bellwald<\/h3>\n            <img decoding=\"async\" src=\"https:\/\/www.stoneman-glaciara.com\/wp-content\/uploads\/sites\/16\/2017\/07\/Hotel-Bellwald-Bellwald-1024x759.jpg\" alt=\"Hotel Bellwald, city - Logis-Partner Stoneman Glaciara Hike\" \/>\n<h5>Hotel Bellwald<\/h5>\n    <p>Bellwalderstrasse 416<br \/>3997 Bellwald<br \/> +41 27 9701283<\/p>\n    \n    <p>&nbsp;7:00-23:00 &nbsp;&nbsp;7:00 &nbsp;&nbsp;22:00 &nbsp;&nbsp;&nbsp;&nbsp;vegane Gerichte auf Anfrage und Fr\u00fchst\u00fcck early to go &nbsp;<\/p>            <a href=\"mailto:info@hotel-bellwald.ch\" title=\"Glaciara Hike-Logis-Partner Hotel Bellwald Mail\">E-Mail<\/a>\n        <a href=\"tel:+41279701283\" title=\"Glaciara Hike-Logis-Partner Hotel Bellwald anrufen\">Anrufen<\/a>\n    <a href=\"http:\/\/www.hotel-bellwald.ch\/\" target=\"_blank\" title=\"Website Glaciara Hike-Logis-Partner Hotel Bellwald\" rel=\"noopener\">Website \u00bb<\/a>\n            <img decoding=\"async\" src=\"https:\/\/www.stoneman-glaciara.com\/wp-content\/uploads\/sites\/16\/2017\/07\/onya-front-e1599661534518-1024x768.jpg\" alt=\"Hotel The Onya Resort&amp;Spa und Hotel zur Alten Gasse, city - Logis-Partner Stoneman Glaciara Hike\" \/>\n<h5>Hotel The Onya Resort&amp;Spa und Hotel zur Alten Gasse<\/h5>\n    <p>Alte Gasse 1<br \/>3997 Bellwald<br \/> +41 27 9712141<\/p>\n    \n    <p>&nbsp;7:30 &nbsp;&nbsp;22:00 &nbsp;&nbsp;&nbsp;&nbsp;vegane Gerichte auf Anfrage und Fr\u00fchst\u00fcck early to go &nbsp;<\/p>            <a href=\"mailto:info@rbghotels.ch\" title=\"Glaciara Hike-Logis-Partner Hotel The Onya Resort&amp;Spa und Hotel zur Alten Gasse Mail\">E-Mail<\/a>\n        <a href=\"tel:+41279712141\" title=\"Glaciara Hike-Logis-Partner Hotel The Onya Resort&amp;Spa und Hotel zur Alten Gasse anrufen\">Anrufen<\/a>\n    <a href=\"http:\/\/www.onya.ch\" target=\"_blank\" title=\"Website Glaciara Hike-Logis-Partner Hotel The Onya Resort&amp;Spa und Hotel zur Alten Gasse\" rel=\"noopener\">Website \u00bb<\/a>\n            <a href=\"https:\/\/alte-gasse.ch\/preise-buchen\/\" target=\"_blank\" title=\"Buchen Glaciara Hike-Logis-Partner Hotel The Onya Resort&amp;Spa und Hotel zur Alten Gasse\" rel=\"noopener\">buchen \u00bb<\/a>\n            <img decoding=\"async\" src=\"https:\/\/www.stoneman-glaciara.com\/wp-content\/uploads\/sites\/16\/2020\/04\/L\u00e4rchenwald-Lodge-e1592906184230-1024x769.jpg\" alt=\"L\u00e4rchenwald Lodge, city - Logis-Partner Stoneman Glaciara Hike\" \/>\n<h5>L\u00e4rchenwald Lodge<\/h5>\n    <p>Ritistrasse 111<br \/>3997 Bellwald<br \/> +41 79 1241449<\/p>\n    \n    <p>&nbsp;nach Absprache &nbsp;&nbsp;nach Absprache, Br\u00f6tchenservice &nbsp;<\/p>            <a href=\"mailto:info@laerchenwald-lodge.ch\" title=\"Glaciara Hike-Logis-Partner L\u00e4rchenwald Lodge Mail\">E-Mail<\/a>\n        <a href=\"tel:+41791241449\" title=\"Glaciara Hike-Logis-Partner L\u00e4rchenwald Lodge anrufen\">Anrufen<\/a>\n    <a href=\"https:\/\/www.laerchenwald-lodge.ch\" target=\"_blank\" title=\"Website Glaciara Hike-Logis-Partner L\u00e4rchenwald Lodge\" rel=\"noopener\">Website \u00bb<\/a>\n            <a href=\"https:\/\/www.laerchenwald-lodge.ch\/#buchen\" target=\"_blank\" title=\"Buchen Glaciara Hike-Logis-Partner L\u00e4rchenwald Lodge\" rel=\"noopener\">buchen \u00bb<\/a>\n<h3>Ernen<\/h3>\n            <img decoding=\"async\" src=\"https:\/\/www.stoneman-glaciara.com\/wp-content\/uploads\/sites\/16\/2017\/07\/BerglandHof-Hotel-BnB-e1560339229384-1024x768.jpg\" alt=\"Berglandhof Hotel BnB und Restaurant ErnerGarten, city - Logis-Partner Stoneman Glaciara Hike\" \/>\n<h5>Berglandhof Hotel BnB und Restaurant ErnerGarten<\/h5>\n    <p>Bieutistrasse 22<br \/>3995 Ernen<br \/> +41 27 5271000<\/p>\n    \n    <p>&nbsp;0:00-24:00 &nbsp;&nbsp;nach Wunsch &nbsp;&nbsp;22:00 &nbsp;&nbsp;&nbsp;<\/p>            <a href=\"mailto:ferien@berglandhof.ch\" title=\"Glaciara Hike-Logis-Partner Berglandhof Hotel BnB und Restaurant ErnerGarten Mail\">E-Mail<\/a>\n        <a href=\"tel:+41275271000\" title=\"Glaciara Hike-Logis-Partner Berglandhof Hotel BnB und Restaurant ErnerGarten anrufen\">Anrufen<\/a>\n    <a href=\"https:\/\/www.berglandhof.ch\" target=\"_blank\" title=\"Website Glaciara Hike-Logis-Partner Berglandhof Hotel BnB und Restaurant ErnerGarten\" rel=\"noopener\">Website \u00bb<\/a>\n<h3>Fiesch<\/h3>\n            <img decoding=\"async\" src=\"https:\/\/www.stoneman-glaciara.com\/wp-content\/uploads\/sites\/16\/2019\/05\/du-glaciara-e1749733682679-1024x768.jpg\" alt=\"DU GLACIER Boutique &amp; Traditions Hotel, city - Logis-Partner Stoneman Glaciara Hike\" \/>\n<h5>DU GLACIER Boutique &amp; Traditions Hotel<\/h5>\n    <p>Furkastrasse 38<br \/>3984 Fiesch<br \/> +41 79 848 61 16 <\/p>\n    \n    <p>&nbsp;07:00 &#8211; 23:00   &nbsp;&nbsp;&nbsp;<\/p>            <a href=\"mailto:info@aletsch-homes.ch\" title=\"Glaciara Hike-Logis-Partner DU GLACIER Boutique &amp; Traditions Hotel Mail\">E-Mail<\/a>\n        <a href=\"tel:+41798486116\" title=\"Glaciara Hike-Logis-Partner DU GLACIER Boutique &amp; Traditions Hotel anrufen\">Anrufen<\/a>\n    <a href=\"https:\/\/www.aletsch-duglacier.ch\/\" target=\"_blank\" title=\"Website Glaciara Hike-Logis-Partner DU GLACIER Boutique &amp; Traditions Hotel\" rel=\"noopener\">Website \u00bb<\/a>\n            <a href=\"https:\/\/www.aletsch-duglacier.ch\/\" target=\"_blank\" title=\"Buchen Glaciara Hike-Logis-Partner DU GLACIER Boutique &amp; Traditions Hotel\" rel=\"noopener\">buchen \u00bb<\/a>\n            <img decoding=\"async\" src=\"https:\/\/www.stoneman-glaciara.com\/wp-content\/uploads\/sites\/16\/2021\/05\/Front-Nacht-e1622101468706-1024x769.jpg\" alt=\"Hotel Christania, city - Logis-Partner Stoneman Glaciara Hike\" \/>\n<h5>Hotel Christania<\/h5>\n    <p>Hejistrasse 13<br \/>3984 Fiesch<br \/> +41 27 527 04 40<\/p>\n    \n    <p>&nbsp;8:00-23:00 &nbsp;&nbsp;7:30 &nbsp;&nbsp;24:00 (Snacks) &nbsp;&nbsp;&nbsp;<\/p>            <a href=\"mailto:info@hotel-christania.ch\" title=\"Glaciara Hike-Logis-Partner Hotel Christania Mail\">E-Mail<\/a>\n        <a href=\"tel:+41275270440\" title=\"Glaciara Hike-Logis-Partner Hotel Christania anrufen\">Anrufen<\/a>\n    <a href=\"https:\/\/www.hotel-christania.ch\/de\/\" target=\"_blank\" title=\"Website Glaciara Hike-Logis-Partner Hotel Christania\" rel=\"noopener\">Website \u00bb<\/a>\n            <a href=\"https:\/\/www.hotel-christania.ch\/de\/zimmer\" target=\"_blank\" title=\"Buchen Glaciara Hike-Logis-Partner Hotel Christania\" rel=\"noopener\">buchen \u00bb<\/a>\n            <img decoding=\"async\" src=\"https:\/\/www.stoneman-glaciara.com\/wp-content\/uploads\/sites\/16\/2019\/05\/Hotel-Restaurant-des-alpes-Fiesch-Aletsch-Arena-Aussenansicht-e1560339534411-1024x769.jpg\" alt=\"Hotel des Alpes, city - Logis-Partner Stoneman Glaciara Hike\" \/>\n<h5>Hotel des Alpes<\/h5>\n    <p>Furkastrasse 33<br \/>3984 Fiesch<br \/> +41 27 9711506<\/p>\n    \n    <p>&nbsp;7:30-22:00 &nbsp;&nbsp;7:30 &nbsp;&nbsp;21:45 &nbsp;&nbsp;&nbsp;&nbsp;<\/p>            <a href=\"mailto:info@des-alpes.ch\" title=\"Glaciara Hike-Logis-Partner Hotel des Alpes Mail\">E-Mail<\/a>\n        <a href=\"tel:+41279711506\" title=\"Glaciara Hike-Logis-Partner Hotel des Alpes anrufen\">Anrufen<\/a>\n    <a href=\"http:\/\/www.des-alpes.ch\" target=\"_blank\" title=\"Website Glaciara Hike-Logis-Partner Hotel des Alpes\" rel=\"noopener\">Website \u00bb<\/a>\n<h3>Fiesch<\/h3>\n            <img decoding=\"async\" src=\"https:\/\/www.stoneman-glaciara.com\/wp-content\/uploads\/sites\/16\/2017\/07\/F19_1472-HDR-e1596464247593-1024x770.jpg\" alt=\"Sport Resort Fiesch, city - Logis-Partner Stoneman Glaciara Hike\" \/>\n<h5>Sport Resort Fiesch<\/h5>\n    <p>Feriendorf 1<br \/>3984 Fiesch<br \/> +41 27 9701515<\/p>\n    \n    <p>&nbsp;8:00-20:00 &nbsp;&nbsp;7:30 &nbsp;&nbsp;20:00 &nbsp;&nbsp;&nbsp;&nbsp;vegane Gerichte auf Anfrage &nbsp;<\/p>            <a href=\"mailto:info@sport-resort.ch\" title=\"Glaciara Hike-Logis-Partner Sport Resort Fiesch Mail\">E-Mail<\/a>\n        <a href=\"tel:+41279701515\" title=\"Glaciara Hike-Logis-Partner Sport Resort Fiesch anrufen\">Anrufen<\/a>\n    <a href=\"https:\/\/www.sport-resort.ch\" target=\"_blank\" title=\"Website Glaciara Hike-Logis-Partner Sport Resort Fiesch\" rel=\"noopener\">Website \u00bb<\/a>\n<h3>Fiescheralp<\/h3>\n            <img decoding=\"async\" src=\"https:\/\/www.stoneman-glaciara.com\/wp-content\/uploads\/sites\/16\/2019\/05\/alpina_web_fotos_hotel_sommer_2-e1560339472381-1024x767.jpg\" alt=\"Hotel Alpina, city - Logis-Partner Stoneman Glaciara Hike\" \/>\n<h5>Hotel Alpina<\/h5>\n    <p>Fiescheralp 2<br \/>3984 Fiescheralp<br \/> +41 27 9712424<\/p>\n    \n                <a href=\"mailto:info@alpinafiescheralp.ch\" title=\"Glaciara Hike-Logis-Partner Hotel Alpina Mail\">E-Mail<\/a>\n        <a href=\"tel:+41279712424\" title=\"Glaciara Hike-Logis-Partner Hotel Alpina anrufen\">Anrufen<\/a>\n    <a href=\"http:\/\/www.alpinafiescheralp.ch\" target=\"_blank\" title=\"Website Glaciara Hike-Logis-Partner Hotel Alpina\" rel=\"noopener\">Website \u00bb<\/a>\n<h3>Fieschertal<\/h3>\n            <img decoding=\"async\" src=\"https:\/\/www.stoneman-glaciara.com\/wp-content\/uploads\/sites\/16\/2017\/07\/Stoneman-Glaciara-Bild-Hotel-Alpenblick-Aussen-e1560340121557-1024x770.jpg\" alt=\"Alpenblick Wellness- Aktivhotel, city - Logis-Partner Stoneman Glaciara Hike\" \/>\n<h5>Alpenblick Wellness- Aktivhotel<\/h5>\n    <p>Zer Flie 2<br \/>3984 Fieschertal<br \/> +41 27 9701660<\/p>\n    \n    <p>&nbsp;6:00-23:00 &nbsp;&nbsp;7:00 &nbsp;&nbsp;21:00 &nbsp;&nbsp;&nbsp;&nbsp;<\/p>            <a href=\"mailto:info@hotelalpenblick.ch\" title=\"Glaciara Hike-Logis-Partner Alpenblick Wellness- Aktivhotel Mail\">E-Mail<\/a>\n        <a href=\"tel:+41279701660\" title=\"Glaciara Hike-Logis-Partner Alpenblick Wellness- Aktivhotel anrufen\">Anrufen<\/a>\n    <a href=\"http:\/\/www.hotelalpenblick.ch\/\" target=\"_blank\" title=\"Website Glaciara Hike-Logis-Partner Alpenblick Wellness- Aktivhotel\" rel=\"noopener\">Website \u00bb<\/a>\n<h3>M\u00f6rel<\/h3>\n            <img decoding=\"async\" src=\"https:\/\/www.stoneman-glaciara.com\/wp-content\/uploads\/sites\/16\/2017\/07\/BadeHotel_Salina_Maris-e1622642277807-1024x770.jpg\" alt=\"Badehotel Salina Maris &#8211; Wellness &amp; Vintage, city - Logis-Partner Stoneman Glaciara Hike\" \/>\n<h5>Badehotel Salina Maris &#8211; Wellness &amp; Vintage<\/h5>\n    <p>Breiten 1<br \/>3983 M\u00f6rel<br \/> +41 27 9284242<\/p>\n    \n    <p>&nbsp;8:00-20:00 &nbsp;&nbsp;7:30 &nbsp;&nbsp;&nbsp;&nbsp;fr\u00fcheres Fr\u00fchst\u00fcck auf Anfrage &nbsp;<\/p>            <a href=\"mailto:info@breiten.ch\" title=\"Glaciara Hike-Logis-Partner Badehotel Salina Maris &#8211; Wellness &amp; Vintage Mail\">E-Mail<\/a>\n        <a href=\"tel:+41279284242\" title=\"Glaciara Hike-Logis-Partner Badehotel Salina Maris &#8211; Wellness &amp; Vintage anrufen\">Anrufen<\/a>\n    <a href=\"https:\/\/www.salina.maris.ch\/de\/angebote\/biken\" target=\"_blank\" title=\"Website Glaciara Hike-Logis-Partner Badehotel Salina Maris &#8211; Wellness &amp; Vintage\" rel=\"noopener\">Website \u00bb<\/a>\n            <img decoding=\"async\" src=\"https:\/\/www.stoneman-glaciara.com\/wp-content\/uploads\/sites\/16\/2021\/06\/Tunetsch-e1622642142890.png\" alt=\"Camping und Restaurant Tunetsch, city - Logis-Partner Stoneman Glaciara Hike\" \/>\n<h5>Camping und Restaurant Tunetsch<\/h5>\n    <p>Pf\u00e4wi 1<br \/>3983 M\u00f6rel<br \/> +41 27 927 25 25<\/p>\n    \n    <p>&nbsp;6:00 &nbsp;&nbsp;22:00 &nbsp;&nbsp;&nbsp;<\/p>            <a href=\"mailto:info@restauranttunetsch.ch\" title=\"Glaciara Hike-Logis-Partner Camping und Restaurant Tunetsch Mail\">E-Mail<\/a>\n        <a href=\"tel:+41279272525\" title=\"Glaciara Hike-Logis-Partner Camping und Restaurant Tunetsch anrufen\">Anrufen<\/a>\n    <a href=\"https:\/\/www.restauranttunetsch.ch\/\" target=\"_blank\" title=\"Website Glaciara Hike-Logis-Partner Camping und Restaurant Tunetsch\" rel=\"noopener\">Website \u00bb<\/a>\n            <a href=\"https:\/\/www.restauranttunetsch.ch\/meta\/online-buchen\" target=\"_blank\" title=\"Buchen Glaciara Hike-Logis-Partner Camping und Restaurant Tunetsch\" rel=\"noopener\">buchen \u00bb<\/a>\n<h3>Reckingen<\/h3>\n            <img decoding=\"async\" src=\"https:\/\/www.stoneman-glaciara.com\/wp-content\/uploads\/sites\/16\/2025\/02\/Campingplatz-e1742203163580.jpg\" alt=\"Camping Riverside, city - Logis-Partner Stoneman Glaciara Hike\" \/>\n<h5>Camping Riverside<\/h5>\n    <p>Rottenweg 160<br \/>3998  Reckingen<br \/> +41 27 973 30 30<\/p>\n    \n    <p>&nbsp;08:30-12:00 Uhr und 15:00-19:00 Uhr &nbsp;&nbsp;10:00 Uhr &nbsp;&nbsp;21:00 Uhr &nbsp;<\/p>            <a href=\"mailto:camping@campingriverside.ch\" title=\"Glaciara Hike-Logis-Partner Camping Riverside Mail\">E-Mail<\/a>\n        <a href=\"tel:+41279733030\" title=\"Glaciara Hike-Logis-Partner Camping Riverside anrufen\">Anrufen<\/a>\n    <a href=\"https:\/\/www.campingriverside.ch\/\" target=\"_blank\" title=\"Website Glaciara Hike-Logis-Partner Camping Riverside\" rel=\"noopener\">Website \u00bb<\/a>\n            <a href=\"https:\/\/booking.camping.care\/campingriverside\" target=\"_blank\" title=\"Buchen Glaciara Hike-Logis-Partner Camping Riverside\" rel=\"noopener\">buchen \u00bb<\/a>\n            <img decoding=\"async\" src=\"https:\/\/www.stoneman-glaciara.com\/wp-content\/uploads\/sites\/16\/2019\/05\/Hotel-Joopi-AussenSommer-e1560336843218-1024x769.jpg\" alt=\"Hotel Joopi, city - Logis-Partner Stoneman Glaciara Hike\" \/>\n<h5>Hotel Joopi<\/h5>\n    <p>Bahnhofstrasse 5<br \/>3998 Reckingen<br \/> +41 27 9741550<\/p>\n    \n    <p>&nbsp;08:00 &#8211; 22:00 &nbsp;&nbsp;07:00 &nbsp;&nbsp;ca. 21:00 &nbsp;&nbsp;&nbsp;&nbsp;vegane Gerichte auf Anfrage &nbsp;<\/p>            <a href=\"mailto:info@joopi.ch\" title=\"Glaciara Hike-Logis-Partner Hotel Joopi Mail\">E-Mail<\/a>\n        <a href=\"tel:+41279741550\" title=\"Glaciara Hike-Logis-Partner Hotel Joopi anrufen\">Anrufen<\/a>\n    <a href=\"https:\/\/www.joopi.ch\/\" target=\"_blank\" title=\"Website Glaciara Hike-Logis-Partner Hotel Joopi\" rel=\"noopener\">Website \u00bb<\/a>\n\n","protected":false},"excerpt":{"rendered":"<p>Remarquable. Ton pack d\u00e9marrage est l&rsquo;acc\u00e8s \u00e0 Ton aventure inoubliable du Stoneman Glaciara. Temps forts Packs de d\u00e9marrage Planifier Finisseurs Le Stoneman Glaciara est une exp\u00e9rience globale unique de nature \u00e9crasante, de meilleurs itin\u00e9raires de sentiers et d&rsquo;un excellent service. Sans aucun stress li\u00e9 aux d\u00e9lais. Il exist deux packs au d\u00e9marrage pour votre aventure&hellip;<\/p>\n","protected":false},"author":1,"featured_media":0,"parent":0,"menu_order":0,"comment_status":"closed","ping_status":"closed","template":"","meta":{"footnotes":""},"_links":{"self":[{"href":"https:\/\/hike.stoneman-glaciara.com\/fr\/wp-json\/wp\/v2\/pages\/382"}],"collection":[{"href":"https:\/\/hike.stoneman-glaciara.com\/fr\/wp-json\/wp\/v2\/pages"}],"about":[{"href":"https:\/\/hike.stoneman-glaciara.com\/fr\/wp-json\/wp\/v2\/types\/page"}],"author":[{"embeddable":true,"href":"https:\/\/hike.stoneman-glaciara.com\/fr\/wp-json\/wp\/v2\/users\/1"}],"replies":[{"embeddable":true,"href":"https:\/\/hike.stoneman-glaciara.com\/fr\/wp-json\/wp\/v2\/comments?post=382"}],"version-history":[{"count":11,"href":"https:\/\/hike.stoneman-glaciara.com\/fr\/wp-json\/wp\/v2\/pages\/382\/revisions"}],"predecessor-version":[{"id":785,"href":"https:\/\/hike.stoneman-glaciara.com\/fr\/wp-json\/wp\/v2\/pages\/382\/revisions\/785"}],"wp:attachment":[{"href":"https:\/\/hike.stoneman-glaciara.com\/fr\/wp-json\/wp\/v2\/media?parent=382"}],"curies":[{"name":"wp","href":"https:\/\/api.w.org\/{rel}","templated":true}]}}