{"id":384,"date":"2022-06-22T10:40:21","date_gmt":"2022-06-22T08:40:21","guid":{"rendered":"https:\/\/hike.stoneman-glaciara.com\/planifier\/conseils-pour-le-tour-stoneman-glaciara-or-1-jour\/"},"modified":"2022-06-28T14:31:56","modified_gmt":"2022-06-28T12:31:56","slug":"conseils-pour-le-tour-stoneman-glaciara-or-1-jour","status":"publish","type":"page","link":"https:\/\/hike.stoneman-glaciara.com\/fr\/planifier\/conseils-pour-le-tour-stoneman-glaciara-or-1-jour\/","title":{"rendered":"conseils pour le tour stoneman glaciara or 1 jour"},"content":{"rendered":"\n\n\t<p>Ru\u00e9e vers l\u00b4or<\/p>\n<h1>\n\t\tPr\u00e9par\u00e9 au mieux.\n\t<\/h1>\n\t<p>Le Stoneman Glaciara Hike en un jours est un d\u00e9fi bien particulier.<\/p>\n\t<p>65 km, 3150 m\u00e8tres d&rsquo;altitude, des ascensions \u00e0 couper le souffle au milieu d&rsquo;innombrables sommets de 4000 m\u00e8tres. Le Stoneman Glaciara t&rsquo;offre un d\u00e9fi tr\u00e8s particulier.<\/p>\n<p>Comme toujours: tu choisis toi-m\u00eame ton point de d\u00e9part &#8211; comme cela te convient le mieux. Tu peux \u00e9galement choisir librement la date de ton tour\u00a0pendant la saison.<\/p>\n<h1>\n\t\t10 conseils pour ton tour Or (1&nbsp;jour) sur le Stoneman Glaciara Hike\n\t<\/h1>\n\t\t\t\t<img loading=\"lazy\" decoding=\"async\" src=\"https:\/\/hike.stoneman-glaciara.com\/wp-content\/uploads\/sites\/13\/2022\/02\/F1001094_DRUCK\u00a9christianpfamm-scaled.jpg\" alt=\"\" height=\"1920\" width=\"2560\" \/>\n\t<ul>\n<li><strong>Roule plut\u00f4t dans les semaines entre juillet et ao\u00fbt.<\/strong>\u00a0A cette p\u00e9riode,<br \/>\nl&rsquo;ensoleillement journalier est d&rsquo;au moins 13 heures et demie.<\/li>\n<li><strong>Commence directement apr\u00e8s le lever du soleil<\/strong>\u00a0et seulement lorsque tu es\u00a0<strong>physiquement et mentalement enti\u00e8rement en forme.<\/strong><\/li>\n<li>Regarde d&rsquo;abord pr\u00e9cis\u00e9ment\u00a0<strong>la carte dans ton pack de d\u00e9marrage\u00a0<\/strong>et lis les descriptions d&rsquo;\u00e9tapes. M\u00e9morise surtout les points dangereux!<\/li>\n<li><strong>Consulte les pr\u00e9visions m\u00e9t\u00e9orologiques<\/strong>\u00a0et emporte\u00a0<strong>des v\u00eatements appropri\u00e9s<\/strong>. Pense que tu seras en route \u00e0 plus de 2 000 m d&rsquo;altitude. Ici, pour le m\u00eame temps, il fait jusqu&rsquo;\u00e0 12\u00b0 C plus froid que dans la vall\u00e9e. N&rsquo;oublie pas : le temps peut changer rapidement dans les Alpes !<\/li>\n<li>Par mesure de pr\u00e9caution,\u00a0<strong>utilise, malgr\u00e9 le balisage, un appareil GPS avec la trace GPS actuelle<\/strong>. Tu ne perds ainsi pas de temps, m\u00eame si tu as rat\u00e9 un panneau.<\/li>\n<\/ul>\n\t<ul>\n<li>Tu re\u00e7ois\u00a0<strong>la trace GPS\u00a0<\/strong>actuelle par e-mail trois jours avant ton voyage, apr\u00e8s avoir effectu\u00e9 ta<strong><br \/>\n<a title=\"R\u00e9server le pack de d\u00e9marrage Stoneman Glaciara or (un jour) \" href=\"https:\/\/www.stoneman-glaciara.com\/fr\/biking\/reserver-son-pack-demarrage\/\">r\u00e9servation de pack de d\u00e9marrage<\/a><\/strong>. Les lieux de retrait et les partenaires d&rsquo;h\u00e9bergement ont \u00e9galement toujours la trace GPS actuelle avec tous les ajustements saisonniers.<\/li>\n<li>Emporte suffisamment d&rsquo;eau et de nourriture avec toi.\u00a0<strong>Remplis surtout toujours tes r\u00e9serves d&rsquo;eau lorsque tu passes pr\u00e8s d\u00b4un point d&rsquo;eau<\/strong>.Peut-\u00eatre que le suivant est temporairement inaccessible.<\/li>\n<li><strong>Aux points de contr\u00f4le, prends le temps\u00a0<\/strong>de lire le panneau d&rsquo;information. Il fournit des informations sur les environs et la prochaine section du Stoneman Glaciara.<\/li>\n<li>Emporte\u00a0<strong>un sifflet<\/strong>\u00a0avec vous\u00a0<strong>si tu voyagez\u00a0seul!<\/strong><\/li>\n<\/ul>\n\t<h3>Pr\u00eat pour l&rsquo;or?<\/h3>\n\t<p><a title=\"Starterpaket Gold (1 Tag) f\u00fcr Deine Wander-Tour auf dem Stoneman Glaciara Hike vorbestellen\" href=\"\">R\u00e9server le pack de d\u00e9marrage Stoneman Glaciara or \u00bb<\/a><\/p>\n\n","protected":false},"excerpt":{"rendered":"<p>Ru\u00e9e vers l\u00b4or Pr\u00e9par\u00e9 au mieux. Le Stoneman Glaciara Hike en un jours est un d\u00e9fi bien particulier. 65 km, 3150 m\u00e8tres d&rsquo;altitude, des ascensions \u00e0 couper le souffle au milieu d&rsquo;innombrables sommets de 4000 m\u00e8tres. Le Stoneman Glaciara t&rsquo;offre un d\u00e9fi tr\u00e8s particulier. Comme toujours: tu choisis toi-m\u00eame ton point de d\u00e9part &#8211; comme&hellip;<\/p>\n","protected":false},"author":1,"featured_media":0,"parent":380,"menu_order":0,"comment_status":"closed","ping_status":"closed","template":"","meta":{"footnotes":""},"_links":{"self":[{"href":"https:\/\/hike.stoneman-glaciara.com\/fr\/wp-json\/wp\/v2\/pages\/384"}],"collection":[{"href":"https:\/\/hike.stoneman-glaciara.com\/fr\/wp-json\/wp\/v2\/pages"}],"about":[{"href":"https:\/\/hike.stoneman-glaciara.com\/fr\/wp-json\/wp\/v2\/types\/page"}],"author":[{"embeddable":true,"href":"https:\/\/hike.stoneman-glaciara.com\/fr\/wp-json\/wp\/v2\/users\/1"}],"replies":[{"embeddable":true,"href":"https:\/\/hike.stoneman-glaciara.com\/fr\/wp-json\/wp\/v2\/comments?post=384"}],"version-history":[{"count":4,"href":"https:\/\/hike.stoneman-glaciara.com\/fr\/wp-json\/wp\/v2\/pages\/384\/revisions"}],"predecessor-version":[{"id":434,"href":"https:\/\/hike.stoneman-glaciara.com\/fr\/wp-json\/wp\/v2\/pages\/384\/revisions\/434"}],"up":[{"embeddable":true,"href":"https:\/\/hike.stoneman-glaciara.com\/fr\/wp-json\/wp\/v2\/pages\/380"}],"wp:attachment":[{"href":"https:\/\/hike.stoneman-glaciara.com\/fr\/wp-json\/wp\/v2\/media?parent=384"}],"curies":[{"name":"wp","href":"https:\/\/api.w.org\/{rel}","templated":true}]}}