{"id":387,"date":"2022-06-22T11:19:50","date_gmt":"2022-06-22T09:19:50","guid":{"rendered":"https:\/\/hike.stoneman-glaciara.com\/planifier\/conseils-pour-ton-tour-argent-2-jours-sur-le-stoneman-glaciara\/"},"modified":"2023-07-03T14:24:17","modified_gmt":"2023-07-03T12:24:17","slug":"conseils-pour-ton-tour-argent-2-jours-sur-le-stoneman-glaciara","status":"publish","type":"page","link":"https:\/\/hike.stoneman-glaciara.com\/fr\/planifier\/conseils-pour-ton-tour-argent-2-jours-sur-le-stoneman-glaciara\/","title":{"rendered":"conseils pour ton tour Argent (2 jours) sur le Stoneman Glaciara"},"content":{"rendered":"\n\n\t<p>Reflets d&rsquo;argent<\/p>\n<h1>\n\t\tSans \u00e9gal\n\t<\/h1>\n\t<p>Le Stoneman Glaciara en deux jours est un d\u00e9fi bien particulier.<\/p>\n<ul>\n            <li><a href=\"https:\/\/hike.stoneman-glaciara.com\/fr\/randonnee-et-trail-running\/\" title=\"Le parcours Stoneman Glaciara (Goms\/Wallis - Schweiz) avec tous ses temps forts\">Temps forts<\/a><\/li>\n            <li><a href=\"https:\/\/hike.stoneman-glaciara.com\/fr\/pack-de-demarrage\/\" title=\"Packs de d\u00e9marrage pour ton parcours Stoneman Glaciara (Goms\/Wallis - Schweiz)\">Packs de d\u00e9marrage<\/a><\/li>\n            <li><a href=\"https:\/\/hike.stoneman-glaciara.com\/fr\/planifier\/\" title=\"Planifie ton parcours Stoneman Glaciara (Goms\/Wallis - Schweiz) en connaissance de cause\">Planifier<\/a><\/li>\n            <li><a href=\"https:\/\/hike.stoneman-glaciara.com\/fr\/finisher\/\" title=\"\">Finisseurs<\/a><\/li>\n    <\/ul>\n\t<p>10 milliards de tonnes de glace. Le Stoneman Glaciara t&#8217;emm\u00e8ne directement au plus grand glacier des Alpes en deux points.<\/p>\n<p>Comme toujours: tu choisis toi-m\u00eame ton point de d\u00e9part &#8211; comme cela te convient le mieux. Tu peux \u00e9galement choisir librement la date de ton tour\u00a0pendant la saison.<\/p>\n<h1>\n\t\tR\u00e9partition d&rsquo;\u00e9tapes pour ton tour Argent (2 jours) sur le Stoneman Glaciara Hike\n\t<\/h1>\n\t\t\t\t\t\t<h3>Bellwald<\/h3>\n\t\t\t<img decoding=\"async\" src=\"\/wp-content\/uploads\/sites\/13\/2022\/06\/SMGh-Hoehenprofil_2022.png\" alt=\"Stoneman Glaciara H\u00f6henprofil (Wallis Goms\/Schweiz)\" \/><br \/>\n\r\n<div class=\"row\">\r\n\r\n            <div class=\"col-sm-6\">\r\n\r\n            <b class=\"label label-default badge bg-primary text-white\">Tag 1<\/b>\r\n\r\n            <b class=\"label label-default badge bg-primary text-white\">Etappe<\/b>\r\n            <h4>Bellwald &raquo; Fiesch<\/h4>\r\n\r\n            <ul class=\"tour-facts\">\r\n                <li class=\"tour-distance\"><i class=\"ua-icon ua-icon-arrow-right2\"><\/i>33,4 km<\/li>\r\n                <li class=\"tour-altitude\"><i class=\"fa fa-area-chart\"><\/i>1.715 Hm<\/li>\r\n                <li class=\"legs\">\r\n                    <ul>\r\n                        <li style=\"width: 50.769230769231%\" class=\"\"><\/li><li style=\"width: 47.692307692308%\" class=\"leg-inactive\"><\/li>                    <\/ul>\r\n                <\/li>\r\n                <li class=\"checkpoints\">\r\n                    Checkpoints:\r\n                    <ul>\r\n                        <li>Bellwald<\/li><li>M\u00e4rjela<\/li><li>Gratwanderung-Eggishorn<\/li><li>Panoramaweg<\/li><li>Moosfluh<\/li><li>Lax<\/li>                    <\/ul>\r\n                <\/li>\r\n            <\/ul>\r\n\r\n            \r\n        <\/div>\r\n\r\n            <div class=\"col-sm-6\">\r\n\r\n            <b class=\"label label-default badge bg-primary text-white\">Tag 2<\/b>\r\n\r\n            <b class=\"label label-default badge bg-primary text-white\">Etappe<\/b>\r\n            <h4>Fiesch &raquo; Bellwald<\/h4>\r\n\r\n            <ul class=\"tour-facts\">\r\n                <li class=\"tour-distance\"><i class=\"ua-icon ua-icon-arrow-right2\"><\/i>31,6 km<\/li>\r\n                <li class=\"tour-altitude\"><i class=\"fa fa-area-chart\"><\/i>1.412 Hm<\/li>\r\n                <li class=\"legs\">\r\n                    <ul>\r\n                        <li style=\"width: 50.769230769231%\" class=\"leg-inactive\"><\/li><li style=\"width: 47.692307692308%\" class=\"\"><\/li>                    <\/ul>\r\n                <\/li>\r\n                <li class=\"checkpoints\">\r\n                    Checkpoints:\r\n                    <ul>\r\n                        <li>F\u00fcrgangen<\/li><li>Reckingen<\/li>                    <\/ul>\r\n                <\/li>\r\n            <\/ul>\r\n\r\n            \r\n        <\/div>\r\n\r\n    <\/div>\n\t\t\t\t\t\t<h3>Bettmeralp<\/h3>\n\t\t\t<p><img decoding=\"async\" src=\"\/wp-content\/uploads\/sites\/13\/2022\/06\/SMGh-Hoehenprofil_2022.png\" alt=\"Stoneman Glaciara H\u00f6henprofil (Wallis Goms\/Schweiz)\" \/><\/p>\n<p><b>variante 1<\/b><\/p>\n\r\n<div class=\"row\">\r\n\r\n            <div class=\"col-sm-6\">\r\n\r\n            <b class=\"label label-default badge bg-primary text-white\">Tag 1<\/b>\r\n\r\n            <b class=\"label label-default badge bg-primary text-white\">Etappe<\/b>\r\n            <h4>Bettmeralp &raquo; Reckingen<\/h4>\r\n\r\n            <ul class=\"tour-facts\">\r\n                <li class=\"tour-distance\"><i class=\"ua-icon ua-icon-arrow-right2\"><\/i>30 km<\/li>\r\n                <li class=\"tour-altitude\"><i class=\"fa fa-area-chart\"><\/i>893 Hm<\/li>\r\n                <li class=\"legs\">\r\n                    <ul>\r\n                        <li style=\"width: 46.153846153846%\" class=\"\"><\/li><li style=\"width: 53.846153846154%\" class=\"leg-inactive\"><\/li>                    <\/ul>\r\n                <\/li>\r\n                <li class=\"checkpoints\">\r\n                    Checkpoints:\r\n                    <ul>\r\n                        <li>Lax<\/li><li>F\u00fcrgangen<\/li><li>Reckingen<\/li>                    <\/ul>\r\n                <\/li>\r\n            <\/ul>\r\n\r\n            \r\n        <\/div>\r\n\r\n            <div class=\"col-sm-6\">\r\n\r\n            <b class=\"label label-default badge bg-primary text-white\">Tag 2<\/b>\r\n\r\n            <b class=\"label label-default badge bg-primary text-white\">Etappe<\/b>\r\n            <h4>Reckingen &raquo; Bettmeralp<\/h4>\r\n\r\n            <ul class=\"tour-facts\">\r\n                <li class=\"tour-distance\"><i class=\"ua-icon ua-icon-arrow-right2\"><\/i>35 km<\/li>\r\n                <li class=\"tour-altitude\"><i class=\"fa fa-area-chart\"><\/i>2.233 Hm<\/li>\r\n                <li class=\"legs\">\r\n                    <ul>\r\n                        <li style=\"width: 46.153846153846%\" class=\"leg-inactive\"><\/li><li style=\"width: 53.846153846154%\" class=\"\"><\/li>                    <\/ul>\r\n                <\/li>\r\n                <li class=\"checkpoints\">\r\n                    Checkpoints:\r\n                    <ul>\r\n                        <li>Bellwald<\/li><li>M\u00e4rjela<\/li><li>Gratwanderung-Eggishorn<\/li><li>Panoramaweg<\/li><li>Moosfluh<\/li>                    <\/ul>\r\n                <\/li>\r\n            <\/ul>\r\n\r\n            \r\n        <\/div>\r\n\r\n    <\/div>\n<p><b>variante 2<\/b><\/p>\n\r\n<div class=\"row\">\r\n\r\n            <div class=\"col-sm-6\">\r\n\r\n            <b class=\"label label-default badge bg-primary text-white\">Tag 1<\/b>\r\n\r\n            <b class=\"label label-default badge bg-primary text-white\">Etappe<\/b>\r\n            <h4>Bettmeralp &raquo; Blitzingen<\/h4>\r\n\r\n            <ul class=\"tour-facts\">\r\n                <li class=\"tour-distance\"><i class=\"ua-icon ua-icon-arrow-right2\"><\/i>36,1 km<\/li>\r\n                <li class=\"tour-altitude\"><i class=\"fa fa-area-chart\"><\/i>1.062 Hm<\/li>\r\n                <li class=\"legs\">\r\n                    <ul>\r\n                        <li style=\"width: 55.384615384615%\" class=\"\"><\/li><li style=\"width: 43.076923076923%\" class=\"leg-inactive\"><\/li>                    <\/ul>\r\n                <\/li>\r\n                <li class=\"checkpoints\">\r\n                    Checkpoints:\r\n                    <ul>\r\n                        <li>Lax<\/li><li>F\u00fcrgangen<\/li>                    <\/ul>\r\n                <\/li>\r\n            <\/ul>\r\n\r\n            \r\n        <\/div>\r\n\r\n            <div class=\"col-sm-6\">\r\n\r\n            <b class=\"label label-default badge bg-primary text-white\">Tag 2<\/b>\r\n\r\n            <b class=\"label label-default badge bg-primary text-white\">Etappe<\/b>\r\n            <h4>Blitzingen &raquo; Bettmeralp<\/h4>\r\n\r\n            <ul class=\"tour-facts\">\r\n                <li class=\"tour-distance\"><i class=\"ua-icon ua-icon-arrow-right2\"><\/i>28,9 km<\/li>\r\n                <li class=\"tour-altitude\"><i class=\"fa fa-area-chart\"><\/i>2.054 Hm<\/li>\r\n                <li class=\"legs\">\r\n                    <ul>\r\n                        <li style=\"width: 55.384615384615%\" class=\"leg-inactive\"><\/li><li style=\"width: 43.076923076923%\" class=\"\"><\/li>                    <\/ul>\r\n                <\/li>\r\n                <li class=\"checkpoints\">\r\n                    Checkpoints:\r\n                    <ul>\r\n                        <li>Reckingen<\/li><li>Bellwald<\/li><li>M\u00e4rjela<\/li><li>Gratwanderung-Eggishorn<\/li><li>Panoramaweg<\/li><li>Moosfluh<\/li>                    <\/ul>\r\n                <\/li>\r\n            <\/ul>\r\n\r\n            \r\n        <\/div>\r\n\r\n    <\/div>\n\t\t\t\t\t\t<h3>Fiesch<\/h3>\n\t\t\t<img decoding=\"async\" src=\"\/wp-content\/uploads\/sites\/13\/2022\/06\/SMGh-Hoehenprofil_2022.png\" alt=\"Stoneman Glaciara H\u00f6henprofil (Wallis Goms\/Schweiz)\" \/><br \/>\n\r\n<div class=\"row\">\r\n\r\n            <div class=\"col-sm-6\">\r\n\r\n            <b class=\"label label-default badge bg-primary text-white\">Tag 1<\/b>\r\n\r\n            <b class=\"label label-default badge bg-primary text-white\">Etappe<\/b>\r\n            <h4>Fiesch &raquo; Burgh\u00fctte<\/h4>\r\n\r\n            <ul class=\"tour-facts\">\r\n                <li class=\"tour-distance\"><i class=\"ua-icon ua-icon-arrow-right2\"><\/i>36,5 km<\/li>\r\n                <li class=\"tour-altitude\"><i class=\"fa fa-area-chart\"><\/i>1.765 Hm<\/li>\r\n                <li class=\"legs\">\r\n                    <ul>\r\n                        <li style=\"width: 55.384615384615%\" class=\"\"><\/li><li style=\"width: 43.076923076923%\" class=\"leg-inactive\"><\/li>                    <\/ul>\r\n                <\/li>\r\n                <li class=\"checkpoints\">\r\n                    Checkpoints:\r\n                    <ul>\r\n                        <li>F\u00fcrgangen<\/li><li>Reckingen<\/li><li>Bellwald<\/li>                    <\/ul>\r\n                <\/li>\r\n            <\/ul>\r\n\r\n            \r\n        <\/div>\r\n\r\n            <div class=\"col-sm-6\">\r\n\r\n            <b class=\"label label-default badge bg-primary text-white\">Tag 2<\/b>\r\n\r\n            <b class=\"label label-default badge bg-primary text-white\">Etappe<\/b>\r\n            <h4>Burgh\u00fctte &raquo; Fiesch<\/h4>\r\n\r\n            <ul class=\"tour-facts\">\r\n                <li class=\"tour-distance\"><i class=\"ua-icon ua-icon-arrow-right2\"><\/i>28,5 km<\/li>\r\n                <li class=\"tour-altitude\"><i class=\"fa fa-area-chart\"><\/i>1.356 Hm<\/li>\r\n                <li class=\"legs\">\r\n                    <ul>\r\n                        <li style=\"width: 55.384615384615%\" class=\"leg-inactive\"><\/li><li style=\"width: 43.076923076923%\" class=\"\"><\/li>                    <\/ul>\r\n                <\/li>\r\n                <li class=\"checkpoints\">\r\n                    Checkpoints:\r\n                    <ul>\r\n                        <li>M\u00e4rjela<\/li><li>Gratwanderung-Eggishorn<\/li><li>Panoramaweg<\/li><li>Moosfluh<\/li><li>Lax<\/li>                    <\/ul>\r\n                <\/li>\r\n            <\/ul>\r\n\r\n            \r\n        <\/div>\r\n\r\n    <\/div>\n<h1>\n\t\t10 conseils pour ton tour Argent (2&nbsp;jours) sur le Stoneman Glaciara\n\t<\/h1>\n\t\t\t\t<img loading=\"lazy\" decoding=\"async\" src=\"https:\/\/hike.stoneman-glaciara.com\/wp-content\/uploads\/sites\/13\/2022\/05\/Aletsch-Goms-2-scaled.jpg\" alt=\"Aletsch-Goms\" height=\"1707\" width=\"2560\" title=\"Aletsch-Goms\" \/>\n\t<ul>\n<li><strong>Le Stoneman Glaciara est r\u00e9alisable en deux jours.\u00a0<\/strong>En fonction de ton niveau de performance et de la dur\u00e9e de la journ\u00e9e, commence malgr\u00e9 tout au plus tard \u00e0 9h. Tu as ainsi suffisamment de r\u00e9serve pour les pauses &#8211; en particulier aux nombreux points d&rsquo;attractions &#8211; ou dans le cas o\u00f9 un impr\u00e9vu se produit.<\/li>\n<li>Au cas o\u00f9 tu as r\u00e9serv\u00e9 une nuit\u00e9e d\u00b4\u00e9tape, par exemple dans un chalet : est-ce que tu as avec toi tout ce dont tu as besoin pour la nuit?<\/li>\n<li>Regarde d\u00b4abord pr\u00e9cis\u00e9ment\u00a0<strong>la carte dans ton pack de d\u00e9marrage<\/strong>\u00a0et lis les descriptions d&rsquo;\u00e9tapes. M\u00e9morise surtout les points dangereux!<\/li>\n<li><strong>Consulte les pr\u00e9visions m\u00e9t\u00e9orologiques<\/strong>\u00a0et emporte des\u00a0<strong>v\u00eatements appropri\u00e9s<\/strong>. Pense que tu seras en route \u00e0 plus de 2 000 m d&rsquo;altitude. Ici, pour le m\u00eame temps, il fait jusqu&rsquo;\u00e0 12\u00b0 C plus froid que dans la vall\u00e9e. N&rsquo;oublie pas : le temps peut changer rapidement dans les Alpes !<\/li>\n<li><strong>Par s\u00e9curit\u00e9, charge la trace GPS actuelle sur ton smartphone.\u00a0<\/strong>De cette fa\u00e7on- si tu as un doute \u00a0&#8211; tu sauras rapidement si tu es toujours sur la piste.<\/li>\n<\/ul>\n\t<ul>\n<li>Le mieux est d&rsquo;utiliser une application pour le GPS qui peut enregistrer des cartes hors ligne.\u00a0<a title=\"Circuit VTT Stoneman Glaciara : carte et GPS hors ligne via l'application pour smartphone avec Maps.me\" href=\"https:\/\/maps.me\/\" target=\"_blank\" rel=\"noopener\">Maps.me<\/a>\u00a0et\u00a0<a title=\"Circuit VTT Stoneman Glaciara : carte et GPS hors ligne via l'application pour smartphone avec HereWeGo\" href=\"https:\/\/wego.here.com\/\" target=\"_blank\" rel=\"noopener\">HereWeGo<\/a>\u00a0fonctionnent bien.<\/li>\n<li>Tu re\u00e7ois\u00a0<strong>la trace GPS\u00a0<\/strong>actuelle par e-mail trois jours avant ton voyage, apr\u00e8s avoir effectu\u00e9 ta<strong><a title=\"R\u00e9server le pack de d\u00e9marrage Stoneman Glaciara argent (2 jours)\" href=\"https:\/\/hike.stoneman-glaciara.com\/fr\/pack-de-demarrage\/\"> r\u00e9servation de pack de d\u00e9marrage<\/a><\/strong>. Les lieux de retrait et les partenaires d\u00b4h\u00e9bergement ont \u00e9galement toujours la trace GPS actuelle avec tous les ajustements saisonniers.<\/li>\n<li>Emporte suffisamment d&rsquo;eau et de nourriture avec toi.\u00a0<strong>Remplis surtout toujours tes r\u00e9serves d&rsquo;eau lorsque tu passes pr\u00e8s d\u00b4un point d&rsquo;eau<\/strong>.Peut-\u00eatre que le suivant est temporairement inaccessible.<\/li>\n<li><strong>Aux points de contr\u00f4le, prends le temps\u00a0<\/strong>de lire le panneau d&rsquo;information. Il fournit des informations sur les environs et la prochaine section du Stoneman Glaciara.<\/li>\n<li>Emporte\u00a0<strong>un sifflet<\/strong>\u00a0avec vous\u00a0<strong>si tu voyager seul!<\/strong>\u00a0<strong>Informe<\/strong>\u00a0ton lieu de retrait du pack de d\u00e9marrage\u00a0<strong>si tu reviens plus tard que pr\u00e9vu ou si tu t&rsquo;arr\u00eates.<\/strong>\u00a0Tu trouveras le num\u00e9ro de t\u00e9l\u00e9phone sur ta carte de route dans ton pack de d\u00e9marrage.<\/li>\n<\/ul>\n\t<p>Dans le cas o\u00f9 tu vises l&rsquo;argent ou le bronze, la\u00a0<a title=\"La Matterhorn Gotthard Bahn comme transfert pour le Stoneman Glaciara VTT\" href=\"https:\/\/www.matterhorngotthardbahn.ch\/fr\/ete\/\" target=\"_blank\" rel=\"noopener\">Matterhorn Gotthard Bahn<\/a>\u00a0est parfaitement adapt\u00e9e pour le transfert. Les arr\u00eats sont: M\u00f6rel\u00a0\u00b7\u00a0Betten Talstation\u00a0\u00b7\u00a0Grengiols\u00a0\u00b7\u00a0Lax\u00a0\u00b7\u00a0Fiesch Sport- + Feriencenter\u00a0\u00b7\u00a0Fiesch\u00a0\u00b7 F\u00fcrgangen-Bellwald Talstation\u00a0\u00b7\u00a0Niederwald\u00a0\u00b7 Blitzingen\u00a0\u00b7\u00a0Biel (Goms)\u00a0\u00b7\u00a0Gluringen\u00a0\u00b7\u00a0Reckingen.<\/p>\n<p>Le train circule toutes les heures entre 6h33 et 21h33 de M\u00f6rel en direction de Reckingen et dans la direction oppos\u00e9e toutes les heures de 6h29 \u00e0 20h29, ainsi qu&rsquo;\u00e0 21h10 et \u00e0 23h06.<\/p>\n\t<h3>Pr\u00eat pour l&rsquo;argent?<\/h3>\n\t<p><a title=\"Starterpaket Silber (2 Tage) f\u00fcr Deine Wander-Tour auf dem Stoneman Glaciara Hike vorbestellen\" href=\"https:\/\/hike.stoneman-glaciara.com\/fr\/pack-de-demarrage\/\">R\u00e9server le pack de d\u00e9marrage Stoneman Glaciara argent \u00bb<\/a><\/p>\n\n","protected":false},"excerpt":{"rendered":"<p>Reflets d&rsquo;argent Sans \u00e9gal Le Stoneman Glaciara en deux jours est un d\u00e9fi bien particulier. Temps forts Packs de d\u00e9marrage Planifier Finisseurs 10 milliards de tonnes de glace. Le Stoneman Glaciara t&#8217;emm\u00e8ne directement au plus grand glacier des Alpes en deux points. Comme toujours: tu choisis toi-m\u00eame ton point de d\u00e9part &#8211; comme cela te&hellip;<\/p>\n","protected":false},"author":1,"featured_media":0,"parent":380,"menu_order":0,"comment_status":"closed","ping_status":"closed","template":"","meta":{"footnotes":""},"_links":{"self":[{"href":"https:\/\/hike.stoneman-glaciara.com\/fr\/wp-json\/wp\/v2\/pages\/387"}],"collection":[{"href":"https:\/\/hike.stoneman-glaciara.com\/fr\/wp-json\/wp\/v2\/pages"}],"about":[{"href":"https:\/\/hike.stoneman-glaciara.com\/fr\/wp-json\/wp\/v2\/types\/page"}],"author":[{"embeddable":true,"href":"https:\/\/hike.stoneman-glaciara.com\/fr\/wp-json\/wp\/v2\/users\/1"}],"replies":[{"embeddable":true,"href":"https:\/\/hike.stoneman-glaciara.com\/fr\/wp-json\/wp\/v2\/comments?post=387"}],"version-history":[{"count":2,"href":"https:\/\/hike.stoneman-glaciara.com\/fr\/wp-json\/wp\/v2\/pages\/387\/revisions"}],"predecessor-version":[{"id":608,"href":"https:\/\/hike.stoneman-glaciara.com\/fr\/wp-json\/wp\/v2\/pages\/387\/revisions\/608"}],"up":[{"embeddable":true,"href":"https:\/\/hike.stoneman-glaciara.com\/fr\/wp-json\/wp\/v2\/pages\/380"}],"wp:attachment":[{"href":"https:\/\/hike.stoneman-glaciara.com\/fr\/wp-json\/wp\/v2\/media?parent=387"}],"curies":[{"name":"wp","href":"https:\/\/api.w.org\/{rel}","templated":true}]}}